{"id":5672880,"date":"2018-11-29T12:30:35","date_gmt":"2018-11-29T12:30:35","guid":{"rendered":"http:\/\/cotspaloma.com\/despacho-procuradores-barcelona\/"},"modified":"2020-02-05T09:19:19","modified_gmt":"2020-02-05T09:19:19","slug":"despatx-procuradors-barcelona","status":"publish","type":"page","link":"https:\/\/cotspaloma.com\/ca\/despatx-procuradors-barcelona\/","title":{"rendered":"Despatx"},"content":{"rendered":"[vc_row full_width=&#8221;stretch_row&#8221; css=&#8221;.vc_custom_1549629839844{margin-bottom: 10% !important;padding-top: 15% !important;padding-bottom: 15% !important;background-color: #a5cac1 !important;}&#8221;][vc_column width=&#8221;1\/6&#8243;][\/vc_column][vc_column width=&#8221;2\/3&#8243;]<div class=\"norebro-heading-sc heading text-center\"\n\tid=\"norebro-custom-69fb23631c136\" \n\t \n\t>\n\t\n\t\n\t\n\t<h3 class=\"title\">\n\t\tEL NOSTRE EQUIP\t<\/h3>\n\n\t\n\t\t\t<p class=\"subtitle\">\n\t\t\tUna plantilla de 23 persones entre les quals 10 procuradors especialitzats en les diferents jurisdiccions.\t\t<\/p>\n\t\t\n<\/div>[\/vc_column][vc_column width=&#8221;1\/6&#8243;][\/vc_column][\/vc_row][vc_row css_animation=&#8221;fadeIn&#8221; css=&#8221;.vc_custom_1543494564028{margin-bottom: 5% !important;}&#8221;][vc_column width=&#8221;1\/4&#8243;]<div class=\"norebro-team-member-sc team-member\"\n\tid=\"norebro-custom-69fb23631d2da\"\n\t\t>\n\n\t<div class=\"image-wrap\">\n\t\t\t\t\t<img src=\"https:\/\/cotspaloma.com\/wp-content\/uploads\/2019\/01\/Carlos.jpg\" alt=\"Carlos Fornos Conejero\">\n\t\t\t\t<div class=\"overlay\">\n\t\t\t<div class=\"content-center\">\n\t\t\t\t<div class=\"wrap\">\n\t\t\t\t\t\t\t\t\t\t\t<div class=\"socialbar small default\">\n\t\t\t\t\t\t\t\t\t\t\t\t\t\t\t\t\t\t\t\t\t\t\t\t\t\t\t\t\t\t\t\t\t\t\t\t\t\t\t\t\t\t\t\t\t\t\t\t\t\t\t\t\t\t\t\t\t\t\t\t\t\t\t\t\t\t\t\t\t\t\t\t\t\t\t\t\t\t\t\t\t\t\t\t\t\t\t\t\t\t\t\t\t\t\t\t\t\t\t\t\t\t\t\t\t\t\t\t\t\t\t\t\t\t\t\t\t\t\t\t\t\t\t\t\t\t\t\t\t\t\t\t\t\t\t\t\t\t\t\t\t\t\t\t\t\t\t\t\t\t\t\t\t\t\t\t\t\t\t\t\t\t\t\t\t\t\t\t\t\t\t\t\t\t\t\t\t\t\t\t\t\t\t\t\t\t<\/div>\n\n\t\t\t\t\t\t\t\t\t<\/div>\n\t\t\t<\/div>\n\t\t<\/div>\n\t<\/div>\n\n\t<h3 class=\"title\">Carlos Fornos Conejero<\/h3>\n\t<p class=\"subtitle small uppercase\">Procurador dels Tribunals<\/p>\n\t\t\t<p class=\"description\"><\/p>\n\t\n<\/div>\n[\/vc_column][vc_column width=&#8221;1\/4&#8243;]<div class=\"norebro-team-member-sc team-member\"\n\tid=\"norebro-custom-69fb23631d8eb\"\n\t\t>\n\n\t<div class=\"image-wrap\">\n\t\t\t\t\t<img src=\"https:\/\/cotspaloma.com\/wp-content\/uploads\/2018\/12\/Carme-Quintana.jpg\" alt=\"Carme Quintana Rodr\u00edguez\">\n\t\t\t\t<div class=\"overlay\">\n\t\t\t<div class=\"content-center\">\n\t\t\t\t<div class=\"wrap\">\n\t\t\t\t\t\t\t\t\t\t\t<div class=\"socialbar small default\">\n\t\t\t\t\t\t\t\t\t\t\t\t\t\t\t\t\t\t\t\t\t\t\t\t\t\t\t\t\t\t\t\t\t\t\t\t\t\t\t\t\t\t\t\t\t\t\t\t\t\t\t\t\t\t\t\t\t\t\t\t\t\t\t\t\t\t\t\t\t\t\t\t\t\t\t\t\t\t\t\t\t\t\t\t\t\t\t\t\t\t\t\t\t\t\t\t\t\t\t\t\t\t\t\t\t\t\t\t\t\t\t\t\t\t\t\t\t\t\t\t\t\t\t\t\t\t\t\t\t\t\t\t\t\t\t\t\t\t\t\t\t\t\t\t\t\t\t\t\t\t\t\t\t\t\t\t\t\t\t\t\t\t\t\t\t\t\t\t\t\t\t\t\t\t\t\t\t\t\t\t\t\t\t\t\t\t<\/div>\n\n\t\t\t\t\t\t\t\t\t<\/div>\n\t\t\t<\/div>\n\t\t<\/div>\n\t<\/div>\n\n\t<h3 class=\"title\">Carme Quintana Rodr\u00edguez<\/h3>\n\t<p class=\"subtitle small uppercase\">Procurador dels Tribunals<\/p>\n\t\t\t<p class=\"description\"><\/p>\n\t\n<\/div>\n[\/vc_column][vc_column width=&#8221;1\/4&#8243;]<div class=\"norebro-team-member-sc team-member\"\n\tid=\"norebro-custom-69fb23631f142\"\n\t\t>\n\n\t<div class=\"image-wrap\">\n\t\t\t\t\t<img src=\"https:\/\/cotspaloma.com\/wp-content\/uploads\/2018\/12\/Pol-Florensa.jpg\" alt=\"Pol Florensa Vivet\">\n\t\t\t\t<div class=\"overlay\">\n\t\t\t<div class=\"content-center\">\n\t\t\t\t<div class=\"wrap\">\n\t\t\t\t\t\t\t\t\t\t\t<div class=\"socialbar small default\">\n\t\t\t\t\t\t\t\t\t\t\t\t\t\t\t\t\t\t\t\t\t\t\t\t\t\t\t\t\t\t\t\t\t\t\t\t\t\t\t\t\t\t\t\t\t\t\t\t\t\t\t\t\t\t\t\t\t\t\t\t\t\t\t\t\t\t\t\t\t\t\t\t\t\t\t\t\t\t\t\t\t\t\t\t\t\t\t\t\t\t\t\t\t\t\t\t\t\t\t\t\t\t\t\t\t\t\t\t\t\t\t\t\t\t\t\t\t\t\t\t\t\t\t\t\t\t\t\t\t\t\t\t\t\t\t\t\t\t\t\t\t\t\t\t\t\t\t\t\t\t\t\t\t\t\t\t\t\t\t\t\t\t\t\t\t\t\t\t\t\t\t\t\t\t\t\t\t\t\t\t\t\t\t\t\t\t<\/div>\n\n\t\t\t\t\t\t\t\t\t<\/div>\n\t\t\t<\/div>\n\t\t<\/div>\n\t<\/div>\n\n\t<h3 class=\"title\">Pol Florensa Vivet<\/h3>\n\t<p class=\"subtitle small uppercase\">Procurador dels Tribunals<\/p>\n\t\t\t<p class=\"description\"><\/p>\n\t\n<\/div>\n[\/vc_column][vc_column width=&#8221;1\/4&#8243;]<div class=\"norebro-team-member-sc team-member\"\n\tid=\"norebro-custom-69fb23631f6d2\"\n\t\t>\n\n\t<div class=\"image-wrap\">\n\t\t\t\t\t<img src=\"https:\/\/cotspaloma.com\/wp-content\/uploads\/2019\/01\/Ezequiel.jpg\" alt=\"Ezequiel Mart\u00ednez S\u00e1nchez\">\n\t\t\t\t<div class=\"overlay\">\n\t\t\t<div class=\"content-center\">\n\t\t\t\t<div class=\"wrap\">\n\t\t\t\t\t\t\t\t\t\t\t<div class=\"socialbar small default\">\n\t\t\t\t\t\t\t\t\t\t\t\t\t\t\t\t\t\t\t\t\t\t\t\t\t\t\t\t\t\t\t\t\t\t\t\t\t\t\t\t\t\t\t\t\t\t\t\t\t\t\t\t\t\t\t\t\t\t\t\t\t\t\t\t\t\t\t\t\t\t\t\t\t\t\t\t\t\t\t\t\t\t\t\t\t\t\t\t\t\t\t\t\t\t\t\t\t\t\t\t\t\t\t\t\t\t\t\t\t\t\t\t\t\t\t\t\t\t\t\t\t\t\t\t\t\t\t\t\t\t\t\t\t\t\t\t\t\t\t\t\t\t\t\t\t\t\t\t\t\t\t\t\t\t\t\t\t\t\t\t\t\t\t\t\t\t\t\t\t\t\t\t\t\t\t\t\t\t\t\t\t\t\t\t\t\t<\/div>\n\n\t\t\t\t\t\t\t\t\t<\/div>\n\t\t\t<\/div>\n\t\t<\/div>\n\t<\/div>\n\n\t<h3 class=\"title\">Ezequiel Mart\u00ednez S\u00e1nchez<\/h3>\n\t<p class=\"subtitle small uppercase\">Procurador dels Tribunals<\/p>\n\t\t\t<p class=\"description\"><\/p>\n\t\n<\/div>\n[\/vc_column][\/vc_row][vc_row css_animation=&#8221;fadeIn&#8221; css=&#8221;.vc_custom_1543494575057{margin-bottom: 5% !important;}&#8221;][vc_column width=&#8221;1\/4&#8243;]<div class=\"norebro-team-member-sc team-member\"\n\tid=\"norebro-custom-69fb23631fc07\"\n\t\t>\n\n\t<div class=\"image-wrap\">\n\t\t\t\t\t<img src=\"https:\/\/cotspaloma.com\/wp-content\/uploads\/2018\/12\/Gloria-Horts.jpg\" alt=\"Gl\u00f2ria Horts Brujas\">\n\t\t\t\t<div class=\"overlay\">\n\t\t\t<div class=\"content-center\">\n\t\t\t\t<div class=\"wrap\">\n\t\t\t\t\t\t\t\t\t\t\t<div class=\"socialbar small default\">\n\t\t\t\t\t\t\t\t\t\t\t\t\t\t\t\t\t\t\t\t\t\t\t\t\t\t\t\t\t\t\t\t\t\t\t\t\t\t\t\t\t\t\t\t\t\t\t\t\t\t\t\t\t\t\t\t\t\t\t\t\t\t\t\t\t\t\t\t\t\t\t\t\t\t\t\t\t\t\t\t\t\t\t\t\t\t\t\t\t\t\t\t\t\t\t\t\t\t\t\t\t\t\t\t\t\t\t\t\t\t\t\t\t\t\t\t\t\t\t\t\t\t\t\t\t\t\t\t\t\t\t\t\t\t\t\t\t\t\t\t\t\t\t\t\t\t\t\t\t\t\t\t\t\t\t\t\t\t\t\t\t\t\t\t\t\t\t\t\t\t\t\t\t\t\t\t\t\t\t\t\t\t\t\t\t\t<\/div>\n\n\t\t\t\t\t\t\t\t\t<\/div>\n\t\t\t<\/div>\n\t\t<\/div>\n\t<\/div>\n\n\t<h3 class=\"title\">Gl\u00f2ria Horts Brujas<\/h3>\n\t<p class=\"subtitle small uppercase\">Procurador dels Tribunals<\/p>\n\t\t\t<p class=\"description\"><\/p>\n\t\n<\/div>\n[\/vc_column][vc_column width=&#8221;1\/4&#8243;]<div class=\"norebro-team-member-sc team-member\"\n\tid=\"norebro-custom-69fb23632015c\"\n\t\t>\n\n\t<div class=\"image-wrap\">\n\t\t\t\t\t<img src=\"https:\/\/cotspaloma.com\/wp-content\/uploads\/2018\/12\/Asuncio\u0301n.jpg\" alt=\"Asunci\u00f3n Ol\u00f3ndriz C\u00e1novas\">\n\t\t\t\t<div class=\"overlay\">\n\t\t\t<div class=\"content-center\">\n\t\t\t\t<div class=\"wrap\">\n\t\t\t\t\t\t\t\t\t\t\t<div class=\"socialbar small default\">\n\t\t\t\t\t\t\t\t\t\t\t\t\t\t\t\t\t\t\t\t\t\t\t\t\t\t\t\t\t\t\t\t\t\t\t\t\t\t\t\t\t\t\t\t\t\t\t\t\t\t\t\t\t\t\t\t\t\t\t\t\t\t\t\t\t\t\t\t\t\t\t\t\t\t\t\t\t\t\t\t\t\t\t\t\t\t\t\t\t\t\t\t\t\t\t\t\t\t\t\t\t\t\t\t\t\t\t\t\t\t\t\t\t\t\t\t\t\t\t\t\t\t\t\t\t\t\t\t\t\t\t\t\t\t\t\t\t\t\t\t\t\t\t\t\t\t\t\t\t\t\t\t\t\t\t\t\t\t\t\t\t\t\t\t\t\t\t\t\t\t\t\t\t\t\t\t\t\t\t\t\t\t\t\t\t\t<\/div>\n\n\t\t\t\t\t\t\t\t\t<\/div>\n\t\t\t<\/div>\n\t\t<\/div>\n\t<\/div>\n\n\t<h3 class=\"title\">Asunci\u00f3n Ol\u00f3ndriz C\u00e1novas<\/h3>\n\t<p class=\"subtitle small uppercase\">RESPONSABLE ADMINISTRATIVA<\/p>\n\t\t\t<p class=\"description\"><\/p>\n\t\n<\/div>\n[\/vc_column][vc_column width=&#8221;1\/4&#8243;]<div class=\"norebro-team-member-sc team-member\"\n\tid=\"norebro-custom-69fb23632072d\"\n\t\t>\n\n\t<div class=\"image-wrap\">\n\t\t\t\t\t<img src=\"https:\/\/cotspaloma.com\/wp-content\/uploads\/2018\/12\/Maria-Jose.jpg\" alt=\"Mar\u00eda Jos\u00e9 Santoyo P\u00e9rez\">\n\t\t\t\t<div class=\"overlay\">\n\t\t\t<div class=\"content-center\">\n\t\t\t\t<div class=\"wrap\">\n\t\t\t\t\t\t\t\t\t\t\t<div class=\"socialbar small default\">\n\t\t\t\t\t\t\t\t\t\t\t\t\t\t\t\t\t\t\t\t\t\t\t\t\t\t\t\t\t\t\t\t\t\t\t\t\t\t\t\t\t\t\t\t\t\t\t\t\t\t\t\t\t\t\t\t\t\t\t\t\t\t\t\t\t\t\t\t\t\t\t\t\t\t\t\t\t\t\t\t\t\t\t\t\t\t\t\t\t\t\t\t\t\t\t\t\t\t\t\t\t\t\t\t\t\t\t\t\t\t\t\t\t\t\t\t\t\t\t\t\t\t\t\t\t\t\t\t\t\t\t\t\t\t\t\t\t\t\t\t\t\t\t\t\t\t\t\t\t\t\t\t\t\t\t\t\t\t\t\t\t\t\t\t\t\t\t\t\t\t\t\t\t\t\t\t\t\t\t\t\t\t\t\t\t\t<\/div>\n\n\t\t\t\t\t\t\t\t\t<\/div>\n\t\t\t<\/div>\n\t\t<\/div>\n\t<\/div>\n\n\t<h3 class=\"title\">Mar\u00eda Jos\u00e9 Santoyo P\u00e9rez<\/h3>\n\t<p class=\"subtitle small uppercase\">OFICIAL HABILITADO<\/p>\n\t\t\t<p class=\"description\"><\/p>\n\t\n<\/div>\n[\/vc_column][vc_column width=&#8221;1\/4&#8243;]<div class=\"norebro-team-member-sc team-member\"\n\tid=\"norebro-custom-69fb236320cd1\"\n\t\t>\n\n\t<div class=\"image-wrap\">\n\t\t\t\t\t<img src=\"https:\/\/cotspaloma.com\/wp-content\/uploads\/2018\/12\/Francesca.jpg\" alt=\"Francesca Salvador Agust\u00ed\">\n\t\t\t\t<div class=\"overlay\">\n\t\t\t<div class=\"content-center\">\n\t\t\t\t<div class=\"wrap\">\n\t\t\t\t\t\t\t\t\t\t\t<div class=\"socialbar small default\">\n\t\t\t\t\t\t\t\t\t\t\t\t\t\t\t\t\t\t\t\t\t\t\t\t\t\t\t\t\t\t\t\t\t\t\t\t\t\t\t\t\t\t\t\t\t\t\t\t\t\t\t\t\t\t\t\t\t\t\t\t\t\t\t\t\t\t\t\t\t\t\t\t\t\t\t\t\t\t\t\t\t\t\t\t\t\t\t\t\t\t\t\t\t\t\t\t\t\t\t\t\t\t\t\t\t\t\t\t\t\t\t\t\t\t\t\t\t\t\t\t\t\t\t\t\t\t\t\t\t\t\t\t\t\t\t\t\t\t\t\t\t\t\t\t\t\t\t\t\t\t\t\t\t\t\t\t\t\t\t\t\t\t\t\t\t\t\t\t\t\t\t\t\t\t\t\t\t\t\t\t\t\t\t\t\t\t<\/div>\n\n\t\t\t\t\t\t\t\t\t<\/div>\n\t\t\t<\/div>\n\t\t<\/div>\n\t<\/div>\n\n\t<h3 class=\"title\">Francesca Salvador Agust\u00ed<\/h3>\n\t<p class=\"subtitle small uppercase\">OFICIAL HABILITAT<\/p>\n\t\t\t<p class=\"description\"><\/p>\n\t\n<\/div>\n[\/vc_column][\/vc_row][vc_row css_animation=&#8221;fadeIn&#8221; css=&#8221;.vc_custom_1543494575057{margin-bottom: 5% !important;}&#8221;][vc_column width=&#8221;1\/4&#8243;]<div class=\"norebro-team-member-sc team-member\"\n\tid=\"norebro-custom-69fb236321298\"\n\t\t>\n\n\t<div class=\"image-wrap\">\n\t\t\t\t\t<img src=\"https:\/\/cotspaloma.com\/wp-content\/uploads\/2018\/12\/Cristina-Traver.jpg\" alt=\"Cristina Traver Orante\">\n\t\t\t\t<div class=\"overlay\">\n\t\t\t<div class=\"content-center\">\n\t\t\t\t<div class=\"wrap\">\n\t\t\t\t\t\t\t\t\t\t\t<div class=\"socialbar small default\">\n\t\t\t\t\t\t\t\t\t\t\t\t\t\t\t\t\t\t\t\t\t\t\t\t\t\t\t\t\t\t\t\t\t\t\t\t\t\t\t\t\t\t\t\t\t\t\t\t\t\t\t\t\t\t\t\t\t\t\t\t\t\t\t\t\t\t\t\t\t\t\t\t\t\t\t\t\t\t\t\t\t\t\t\t\t\t\t\t\t\t\t\t\t\t\t\t\t\t\t\t\t\t\t\t\t\t\t\t\t\t\t\t\t\t\t\t\t\t\t\t\t\t\t\t\t\t\t\t\t\t\t\t\t\t\t\t\t\t\t\t\t\t\t\t\t\t\t\t\t\t\t\t\t\t\t\t\t\t\t\t\t\t\t\t\t\t\t\t\t\t\t\t\t\t\t\t\t\t\t\t\t\t\t\t\t\t<\/div>\n\n\t\t\t\t\t\t\t\t\t<\/div>\n\t\t\t<\/div>\n\t\t<\/div>\n\t<\/div>\n\n\t<h3 class=\"title\">Cristina Traver Orante<\/h3>\n\t<p class=\"subtitle small uppercase\">OFICIAL HABILITAT<\/p>\n\t\t\t<p class=\"description\"><\/p>\n\t\n<\/div>\n[\/vc_column][vc_column width=&#8221;1\/4&#8243;]<div class=\"norebro-team-member-sc team-member\"\n\tid=\"norebro-custom-69fb236321827\"\n\t\t>\n\n\t<div class=\"image-wrap\">\n\t\t\t\t\t<img src=\"https:\/\/cotspaloma.com\/wp-content\/uploads\/2018\/12\/Dulce.jpg\" alt=\"Dulce Jim\u00e9nez Pareja\">\n\t\t\t\t<div class=\"overlay\">\n\t\t\t<div class=\"content-center\">\n\t\t\t\t<div class=\"wrap\">\n\t\t\t\t\t\t\t\t\t\t\t<div class=\"socialbar small default\">\n\t\t\t\t\t\t\t\t\t\t\t\t\t\t\t\t\t\t\t\t\t\t\t\t\t\t\t\t\t\t\t\t\t\t\t\t\t\t\t\t\t\t\t\t\t\t\t\t\t\t\t\t\t\t\t\t\t\t\t\t\t\t\t\t\t\t\t\t\t\t\t\t\t\t\t\t\t\t\t\t\t\t\t\t\t\t\t\t\t\t\t\t\t\t\t\t\t\t\t\t\t\t\t\t\t\t\t\t\t\t\t\t\t\t\t\t\t\t\t\t\t\t\t\t\t\t\t\t\t\t\t\t\t\t\t\t\t\t\t\t\t\t\t\t\t\t\t\t\t\t\t\t\t\t\t\t\t\t\t\t\t\t\t\t\t\t\t\t\t\t\t\t\t\t\t\t\t\t\t\t\t\t\t\t\t\t<\/div>\n\n\t\t\t\t\t\t\t\t\t<\/div>\n\t\t\t<\/div>\n\t\t<\/div>\n\t<\/div>\n\n\t<h3 class=\"title\">Dulce Jim\u00e9nez Pareja<\/h3>\n\t<p class=\"subtitle small uppercase\">OFICIAL HABILITADO<\/p>\n\t\t\t<p class=\"description\"><\/p>\n\t\n<\/div>\n[\/vc_column][vc_column width=&#8221;1\/4&#8243;]<div class=\"norebro-team-member-sc team-member\"\n\tid=\"norebro-custom-69fb23632201d\"\n\t\t>\n\n\t<div class=\"image-wrap\">\n\t\t\t\t\t<img src=\"https:\/\/cotspaloma.com\/wp-content\/uploads\/2018\/12\/Sandra-Budia.jpg\" alt=\"Sandra Budia Hern\u00e1ndez\">\n\t\t\t\t<div class=\"overlay\">\n\t\t\t<div class=\"content-center\">\n\t\t\t\t<div class=\"wrap\">\n\t\t\t\t\t\t\t\t\t\t\t<div class=\"socialbar small default\">\n\t\t\t\t\t\t\t\t\t\t\t\t\t\t\t\t\t\t\t\t\t\t\t\t\t\t\t\t\t\t\t\t\t\t\t\t\t\t\t\t\t\t\t\t\t\t\t\t\t\t\t\t\t\t\t\t\t\t\t\t\t\t\t\t\t\t\t\t\t\t\t\t\t\t\t\t\t\t\t\t\t\t\t\t\t\t\t\t\t\t\t\t\t\t\t\t\t\t\t\t\t\t\t\t\t\t\t\t\t\t\t\t\t\t\t\t\t\t\t\t\t\t\t\t\t\t\t\t\t\t\t\t\t\t\t\t\t\t\t\t\t\t\t\t\t\t\t\t\t\t\t\t\t\t\t\t\t\t\t\t\t\t\t\t\t\t\t\t\t\t\t\t\t\t\t\t\t\t\t\t\t\t\t\t\t\t<\/div>\n\n\t\t\t\t\t\t\t\t\t<\/div>\n\t\t\t<\/div>\n\t\t<\/div>\n\t<\/div>\n\n\t<h3 class=\"title\">Sandra Budia Hern\u00e1ndez<\/h3>\n\t<p class=\"subtitle small uppercase\">DEPT. NOTIFICACIONS<\/p>\n\t\t\t<p class=\"description\"><\/p>\n\t\n<\/div>\n[\/vc_column][vc_column width=&#8221;1\/4&#8243;]<div class=\"norebro-team-member-sc team-member\"\n\tid=\"norebro-custom-69fb236322f9e\"\n\t\t>\n\n\t<div class=\"image-wrap\">\n\t\t\t\t\t<img src=\"https:\/\/cotspaloma.com\/wp-content\/uploads\/2018\/12\/Merce-diaz.jpg\" alt=\"Merc\u00e8 D\u00edaz Ruiz\">\n\t\t\t\t<div class=\"overlay\">\n\t\t\t<div class=\"content-center\">\n\t\t\t\t<div class=\"wrap\">\n\t\t\t\t\t\t\t\t\t\t\t<div class=\"socialbar small default\">\n\t\t\t\t\t\t\t\t\t\t\t\t\t\t\t\t\t\t\t\t\t\t\t\t\t\t\t\t\t\t\t\t\t\t\t\t\t\t\t\t\t\t\t\t\t\t\t\t\t\t\t\t\t\t\t\t\t\t\t\t\t\t\t\t\t\t\t\t\t\t\t\t\t\t\t\t\t\t\t\t\t\t\t\t\t\t\t\t\t\t\t\t\t\t\t\t\t\t\t\t\t\t\t\t\t\t\t\t\t\t\t\t\t\t\t\t\t\t\t\t\t\t\t\t\t\t\t\t\t\t\t\t\t\t\t\t\t\t\t\t\t\t\t\t\t\t\t\t\t\t\t\t\t\t\t\t\t\t\t\t\t\t\t\t\t\t\t\t\t\t\t\t\t\t\t\t\t\t\t\t\t\t\t\t\t\t<\/div>\n\n\t\t\t\t\t\t\t\t\t<\/div>\n\t\t\t<\/div>\n\t\t<\/div>\n\t<\/div>\n\n\t<h3 class=\"title\">Merc\u00e8 D\u00edaz Ruiz<\/h3>\n\t<p class=\"subtitle small uppercase\">DEPT. NOTIFICACIONS<\/p>\n\t\t\t<p class=\"description\"><\/p>\n\t\n<\/div>\n[\/vc_column][\/vc_row][vc_row css_animation=&#8221;fadeIn&#8221; css=&#8221;.vc_custom_1543494575057{margin-bottom: 5% !important;}&#8221;][vc_column width=&#8221;1\/4&#8243;]<div class=\"norebro-team-member-sc team-member\"\n\tid=\"norebro-custom-69fb236323685\"\n\t\t>\n\n\t<div class=\"image-wrap\">\n\t\t\t\t\t<img src=\"https:\/\/cotspaloma.com\/wp-content\/uploads\/2018\/12\/Silvia-Cuadros.jpg\" alt=\"Silvia Cuadros C\u00e1rdenas\">\n\t\t\t\t<div class=\"overlay\">\n\t\t\t<div class=\"content-center\">\n\t\t\t\t<div class=\"wrap\">\n\t\t\t\t\t\t\t\t\t\t\t<div class=\"socialbar small default\">\n\t\t\t\t\t\t\t\t\t\t\t\t\t\t\t\t\t\t\t\t\t\t\t\t\t\t\t\t\t\t\t\t\t\t\t\t\t\t\t\t\t\t\t\t\t\t\t\t\t\t\t\t\t\t\t\t\t\t\t\t\t\t\t\t\t\t\t\t\t\t\t\t\t\t\t\t\t\t\t\t\t\t\t\t\t\t\t\t\t\t\t\t\t\t\t\t\t\t\t\t\t\t\t\t\t\t\t\t\t\t\t\t\t\t\t\t\t\t\t\t\t\t\t\t\t\t\t\t\t\t\t\t\t\t\t\t\t\t\t\t\t\t\t\t\t\t\t\t\t\t\t\t\t\t\t\t\t\t\t\t\t\t\t\t\t\t\t\t\t\t\t\t\t\t\t\t\t\t\t\t\t\t\t\t\t\t<\/div>\n\n\t\t\t\t\t\t\t\t\t<\/div>\n\t\t\t<\/div>\n\t\t<\/div>\n\t<\/div>\n\n\t<h3 class=\"title\">Silvia Cuadros C\u00e1rdenas<\/h3>\n\t<p class=\"subtitle small uppercase\">DEPT. NOTIFICACIONS<\/p>\n\t\t\t<p class=\"description\"><\/p>\n\t\n<\/div>\n[\/vc_column][vc_column width=&#8221;1\/4&#8243;]<div class=\"norebro-team-member-sc team-member\"\n\tid=\"norebro-custom-69fb236323c21\"\n\t\t>\n\n\t<div class=\"image-wrap\">\n\t\t\t\t\t<img src=\"https:\/\/cotspaloma.com\/wp-content\/uploads\/2019\/03\/Luisa-Corrales.jpg\" alt=\"Luisa Corrales Raya\">\n\t\t\t\t<div class=\"overlay\">\n\t\t\t<div class=\"content-center\">\n\t\t\t\t<div class=\"wrap\">\n\t\t\t\t\t\t\t\t\t\t\t<div class=\"socialbar small default\">\n\t\t\t\t\t\t\t\t\t\t\t\t\t\t\t\t\t\t\t\t\t\t\t\t\t\t\t\t\t\t\t\t\t\t\t\t\t\t\t\t\t\t\t\t\t\t\t\t\t\t\t\t\t\t\t\t\t\t\t\t\t\t\t\t\t\t\t\t\t\t\t\t\t\t\t\t\t\t\t\t\t\t\t\t\t\t\t\t\t\t\t\t\t\t\t\t\t\t\t\t\t\t\t\t\t\t\t\t\t\t\t\t\t\t\t\t\t\t\t\t\t\t\t\t\t\t\t\t\t\t\t\t\t\t\t\t\t\t\t\t\t\t\t\t\t\t\t\t\t\t\t\t\t\t\t\t\t\t\t\t\t\t\t\t\t\t\t\t\t\t\t\t\t\t\t\t\t\t\t\t\t\t\t\t\t\t<\/div>\n\n\t\t\t\t\t\t\t\t\t<\/div>\n\t\t\t<\/div>\n\t\t<\/div>\n\t<\/div>\n\n\t<h3 class=\"title\">Luisa Corrales Raya<\/h3>\n\t<p class=\"subtitle small uppercase\">DEPT. NOTIFICACIONS<\/p>\n\t\t\t<p class=\"description\"><\/p>\n\t\n<\/div>\n[\/vc_column][vc_column width=&#8221;1\/4&#8243;]<div class=\"norebro-team-member-sc team-member\"\n\tid=\"norebro-custom-69fb236324d87\"\n\t\t>\n\n\t<div class=\"image-wrap\">\n\t\t\t\t\t<img src=\"https:\/\/cotspaloma.com\/wp-content\/uploads\/2018\/12\/Josep-Claver.jpg\" alt=\"Josep Claver Borr\u00e0s\">\n\t\t\t\t<div class=\"overlay\">\n\t\t\t<div class=\"content-center\">\n\t\t\t\t<div class=\"wrap\">\n\t\t\t\t\t\t\t\t\t\t\t<div class=\"socialbar small default\">\n\t\t\t\t\t\t\t\t\t\t\t\t\t\t\t\t\t\t\t\t\t\t\t\t\t\t\t\t\t\t\t\t\t\t\t\t\t\t\t\t\t\t\t\t\t\t\t\t\t\t\t\t\t\t\t\t\t\t\t\t\t\t\t\t\t\t\t\t\t\t\t\t\t\t\t\t\t\t\t\t\t\t\t\t\t\t\t\t\t\t\t\t\t\t\t\t\t\t\t\t\t\t\t\t\t\t\t\t\t\t\t\t\t\t\t\t\t\t\t\t\t\t\t\t\t\t\t\t\t\t\t\t\t\t\t\t\t\t\t\t\t\t\t\t\t\t\t\t\t\t\t\t\t\t\t\t\t\t\t\t\t\t\t\t\t\t\t\t\t\t\t\t\t\t\t\t\t\t\t\t\t\t\t\t\t\t<\/div>\n\n\t\t\t\t\t\t\t\t\t<\/div>\n\t\t\t<\/div>\n\t\t<\/div>\n\t<\/div>\n\n\t<h3 class=\"title\">Josep Claver Borr\u00e0s<\/h3>\n\t<p class=\"subtitle small uppercase\">DEPT. COMPTABILITAT<\/p>\n\t\t\t<p class=\"description\"><\/p>\n\t\n<\/div>\n[\/vc_column][vc_column width=&#8221;1\/4&#8243;]<div class=\"norebro-team-member-sc team-member\"\n\tid=\"norebro-custom-69fb236325348\"\n\t\t>\n\n\t<div class=\"image-wrap\">\n\t\t\t\t\t<img src=\"https:\/\/cotspaloma.com\/wp-content\/uploads\/2018\/12\/Laura-Espinosa.jpg\" alt=\"Laura Espinosa Abell\u00e1n\">\n\t\t\t\t<div class=\"overlay\">\n\t\t\t<div class=\"content-center\">\n\t\t\t\t<div class=\"wrap\">\n\t\t\t\t\t\t\t\t\t\t\t<div class=\"socialbar small default\">\n\t\t\t\t\t\t\t\t\t\t\t\t\t\t\t\t\t\t\t\t\t\t\t\t\t\t\t\t\t\t\t\t\t\t\t\t\t\t\t\t\t\t\t\t\t\t\t\t\t\t\t\t\t\t\t\t\t\t\t\t\t\t\t\t\t\t\t\t\t\t\t\t\t\t\t\t\t\t\t\t\t\t\t\t\t\t\t\t\t\t\t\t\t\t\t\t\t\t\t\t\t\t\t\t\t\t\t\t\t\t\t\t\t\t\t\t\t\t\t\t\t\t\t\t\t\t\t\t\t\t\t\t\t\t\t\t\t\t\t\t\t\t\t\t\t\t\t\t\t\t\t\t\t\t\t\t\t\t\t\t\t\t\t\t\t\t\t\t\t\t\t\t\t\t\t\t\t\t\t\t\t\t\t\t\t\t<\/div>\n\n\t\t\t\t\t\t\t\t\t<\/div>\n\t\t\t<\/div>\n\t\t<\/div>\n\t<\/div>\n\n\t<h3 class=\"title\">Laura Espinosa Abell\u00e1n<\/h3>\n\t<p class=\"subtitle small uppercase\">DEPT. COMPTABILITAT<\/p>\n\t\t\t<p class=\"description\"><\/p>\n\t\n<\/div>\n[\/vc_column][\/vc_row][vc_row css_animation=&#8221;fadeIn&#8221; css=&#8221;.vc_custom_1543494575057{margin-bottom: 5% !important;}&#8221;][vc_column width=&#8221;1\/4&#8243;]<div class=\"norebro-team-member-sc team-member\"\n\tid=\"norebro-custom-69fb236325891\"\n\t\t>\n\n\t<div class=\"image-wrap\">\n\t\t\t\t\t<img src=\"https:\/\/cotspaloma.com\/wp-content\/uploads\/2019\/03\/Marisa-Fernandez.jpg\" alt=\"Marisa Fern\u00e1ndez\">\n\t\t\t\t<div class=\"overlay\">\n\t\t\t<div class=\"content-center\">\n\t\t\t\t<div class=\"wrap\">\n\t\t\t\t\t\t\t\t\t\t\t<div class=\"socialbar small default\">\n\t\t\t\t\t\t\t\t\t\t\t\t\t\t\t\t\t\t\t\t\t\t\t\t\t\t\t\t\t\t\t\t\t\t\t\t\t\t\t\t\t\t\t\t\t\t\t\t\t\t\t\t\t\t\t\t\t\t\t\t\t\t\t\t\t\t\t\t\t\t\t\t\t\t\t\t\t\t\t\t\t\t\t\t\t\t\t\t\t\t\t\t\t\t\t\t\t\t\t\t\t\t\t\t\t\t\t\t\t\t\t\t\t\t\t\t\t\t\t\t\t\t\t\t\t\t\t\t\t\t\t\t\t\t\t\t\t\t\t\t\t\t\t\t\t\t\t\t\t\t\t\t\t\t\t\t\t\t\t\t\t\t\t\t\t\t\t\t\t\t\t\t\t\t\t\t\t\t\t\t\t\t\t\t\t\t<\/div>\n\n\t\t\t\t\t\t\t\t\t<\/div>\n\t\t\t<\/div>\n\t\t<\/div>\n\t<\/div>\n\n\t<h3 class=\"title\">Marisa Fern\u00e1ndez<\/h3>\n\t<p class=\"subtitle small uppercase\">DEPT. COMPTABILITAT<\/p>\n\t\t\t<p class=\"description\"><\/p>\n\t\n<\/div>\n[\/vc_column][\/vc_row][vc_row full_width=&#8221;stretch_row_content&#8221; css=&#8221;.vc_custom_1548152212267{margin-top: 50px !important;}&#8221;][vc_column][vc_separator color=&#8221;black&#8221; style=&#8221;double&#8221;][\/vc_column][\/vc_row]\n","protected":false},"excerpt":{"rendered":"<p>[vc_row full_width=&#8221;stretch_row&#8221; css=&#8221;.vc_custom_1549629839844{margin-bottom: 10% !important;padding-top: 15% !important;padding-bottom: 15% !important;background-color: #a5cac1 !important;}&#8221;][vc_column width=&#8221;1\/6&#8243;][\/vc_column][vc_column width=&#8221;2\/3&#8243;][\/vc_column][vc_column width=&#8221;1\/6&#8243;][\/vc_column][\/vc_row][vc_row&#8230;<\/p>\n","protected":false},"author":1,"featured_media":0,"parent":0,"menu_order":0,"comment_status":"closed","ping_status":"closed","template":"","meta":{"_monsterinsights_skip_tracking":false,"_monsterinsights_sitenote_active":false,"_monsterinsights_sitenote_note":"","_monsterinsights_sitenote_category":0},"yoast_head":"<!-- This site is optimized with the Yoast SEO plugin v16.2 - https:\/\/yoast.com\/wordpress\/plugins\/seo\/ -->\n<title>Cots Paloma - Despatx de procuradors de Barcelona<\/title>\n<meta name=\"description\" content=\"Una plantilla de 23 persones entre les quals 10 procuradors especialitzats en les diferents jurisdiccions.\" \/>\n<meta name=\"robots\" content=\"index, follow, max-snippet:-1, max-image-preview:large, max-video-preview:-1\" \/>\n<link rel=\"canonical\" href=\"https:\/\/cotspaloma.com\/ca\/despatx-procuradors-barcelona\/\" \/>\n<meta property=\"og:locale\" content=\"ca_ES\" \/>\n<meta property=\"og:type\" content=\"article\" \/>\n<meta property=\"og:title\" content=\"Cots Paloma - Despatx de procuradors de Barcelona\" \/>\n<meta property=\"og:description\" content=\"Una plantilla de 23 persones entre les quals 10 procuradors especialitzats en les diferents jurisdiccions.\" \/>\n<meta property=\"og:url\" content=\"https:\/\/cotspaloma.com\/ca\/despatx-procuradors-barcelona\/\" \/>\n<meta property=\"og:site_name\" content=\"Cots Paloma\" \/>\n<meta property=\"article:modified_time\" content=\"2020-02-05T09:19:19+00:00\" \/>\n<meta name=\"twitter:card\" content=\"summary_large_image\" \/>\n<meta name=\"twitter:label1\" content=\"Est. reading time\">\n\t<meta name=\"twitter:data1\" content=\"3 minutes\">\n<script type=\"application\/ld+json\" class=\"yoast-schema-graph\">{\"@context\":\"https:\/\/schema.org\",\"@graph\":[{\"@type\":\"Organization\",\"@id\":\"https:\/\/cotspaloma.com\/#organization\",\"name\":\"Cots Paloma\",\"url\":\"https:\/\/cotspaloma.com\/\",\"sameAs\":[\"https:\/\/www.linkedin.com\/in\/cots-paloma-procura-26227717a\/\"],\"logo\":{\"@type\":\"ImageObject\",\"@id\":\"https:\/\/cotspaloma.com\/#logo\",\"inLanguage\":\"ca\",\"url\":\"http:\/\/cotspaloma.com\/wp-content\/uploads\/2018\/11\/logo_desktop_retina.jpg\",\"contentUrl\":\"http:\/\/cotspaloma.com\/wp-content\/uploads\/2018\/11\/logo_desktop_retina.jpg\",\"width\":500,\"height\":124,\"caption\":\"Cots Paloma\"},\"image\":{\"@id\":\"https:\/\/cotspaloma.com\/#logo\"}},{\"@type\":\"WebSite\",\"@id\":\"https:\/\/cotspaloma.com\/#website\",\"url\":\"https:\/\/cotspaloma.com\/\",\"name\":\"Cots Paloma\",\"description\":\"Procuradores de los Tribunales - Ejercemos en la prov\\u00edncia de Barcelona\",\"publisher\":{\"@id\":\"https:\/\/cotspaloma.com\/#organization\"},\"potentialAction\":[{\"@type\":\"SearchAction\",\"target\":\"https:\/\/cotspaloma.com\/?s={search_term_string}\",\"query-input\":\"required name=search_term_string\"}],\"inLanguage\":\"ca\"},{\"@type\":\"WebPage\",\"@id\":\"https:\/\/cotspaloma.com\/ca\/despatx-procuradors-barcelona\/#webpage\",\"url\":\"https:\/\/cotspaloma.com\/ca\/despatx-procuradors-barcelona\/\",\"name\":\"Cots Paloma - Despatx de procuradors de Barcelona\",\"isPartOf\":{\"@id\":\"https:\/\/cotspaloma.com\/#website\"},\"datePublished\":\"2018-11-29T12:30:35+00:00\",\"dateModified\":\"2020-02-05T09:19:19+00:00\",\"description\":\"Una plantilla de 23 persones entre les quals 10 procuradors especialitzats en les diferents jurisdiccions.\",\"breadcrumb\":{\"@id\":\"https:\/\/cotspaloma.com\/ca\/despatx-procuradors-barcelona\/#breadcrumb\"},\"inLanguage\":\"ca\",\"potentialAction\":[{\"@type\":\"ReadAction\",\"target\":[\"https:\/\/cotspaloma.com\/ca\/despatx-procuradors-barcelona\/\"]}]},{\"@type\":\"BreadcrumbList\",\"@id\":\"https:\/\/cotspaloma.com\/ca\/despatx-procuradors-barcelona\/#breadcrumb\",\"itemListElement\":[{\"@type\":\"ListItem\",\"position\":1,\"item\":{\"@type\":\"WebPage\",\"@id\":\"https:\/\/cotspaloma.com\/ca\/\",\"url\":\"https:\/\/cotspaloma.com\/ca\/\",\"name\":\"Portada\"}},{\"@type\":\"ListItem\",\"position\":2,\"item\":{\"@id\":\"https:\/\/cotspaloma.com\/ca\/despatx-procuradors-barcelona\/#webpage\"}}]}]}<\/script>\n<!-- \/ Yoast SEO plugin. -->","_links":{"self":[{"href":"https:\/\/cotspaloma.com\/ca\/wp-json\/wp\/v2\/pages\/5672880"}],"collection":[{"href":"https:\/\/cotspaloma.com\/ca\/wp-json\/wp\/v2\/pages"}],"about":[{"href":"https:\/\/cotspaloma.com\/ca\/wp-json\/wp\/v2\/types\/page"}],"author":[{"embeddable":true,"href":"https:\/\/cotspaloma.com\/ca\/wp-json\/wp\/v2\/users\/1"}],"replies":[{"embeddable":true,"href":"https:\/\/cotspaloma.com\/ca\/wp-json\/wp\/v2\/comments?post=5672880"}],"version-history":[{"count":4,"href":"https:\/\/cotspaloma.com\/ca\/wp-json\/wp\/v2\/pages\/5672880\/revisions"}],"predecessor-version":[{"id":5672884,"href":"https:\/\/cotspaloma.com\/ca\/wp-json\/wp\/v2\/pages\/5672880\/revisions\/5672884"}],"wp:attachment":[{"href":"https:\/\/cotspaloma.com\/ca\/wp-json\/wp\/v2\/media?parent=5672880"}],"curies":[{"name":"wp","href":"https:\/\/api.w.org\/{rel}","templated":true}]}}