{"id":5672875,"date":"2017-08-02T08:32:25","date_gmt":"2017-08-02T08:32:25","guid":{"rendered":"http:\/\/cotspaloma.com\/home\/"},"modified":"2023-01-26T13:13:42","modified_gmt":"2023-01-26T13:13:42","slug":"home","status":"publish","type":"page","link":"https:\/\/cotspaloma.com\/ca\/","title":{"rendered":"Home"},"content":{"rendered":"[vc_row full_width=&#8221;stretch_row&#8221; full_height=&#8221;yes&#8221; content_placement=&#8221;middle&#8221; css=&#8221;.vc_custom_1549537354978{background-image: url(http:\/\/cotspaloma.com\/wp-content\/uploads\/2019\/02\/bg_header_home3.jpg?id=5672744) !important;background-position: center !important;background-repeat: no-repeat !important;background-size: cover !important;}&#8221; el_class=&#8221;full-vh-reset padding-reset-bottom&#8221;][vc_column width=&#8221;2\/3&#8243;][vc_empty_space height=&#8221;100px&#8221; el_class=&#8221;vc_hidden-lg vc_hidden-md&#8221;]<div class=\"norebro-heading-sc heading text-left\"\n\tid=\"norebro-custom-69e02e434f869\" \n\t \n\t>\n\t\n\t\n\t\n\t<h3 class=\"title\">\n\t\tConfian\u00e7a\t<\/h3>\n\n\t\n\t\t\t<p class=\"subtitle\">\n\t\t\tf. [ko\u0271fjan\u032a\u031f\u03b8a]\t\t<\/p>\n\t\t\n<\/div><div class=\"norebro-heading-sc heading nor-heading-xs only_desktop text-left\"\n\tid=\"norebro-custom-69e02e434fbd8\" \n\t \n\t>\n\t\n\t\n\t\n\t<h3 class=\"title\">\n\t\tTenir al teu costat la m\u00e0xima professionalitat<br class=\"vc_hidden-xs\"\/>  quan m\u00e9s la necessites.\t<\/h3>\n\n\t\n\t\t\t<p class=\"subtitle\">\n\t\t\t\t\t<\/p>\n\t\t\n<\/div><div class=\"norebro-heading-sc heading nor-heading-xs text-left\"\n\tid=\"norebro-custom-69e02e434fe86\" \n\t \n\t>\n\t\n\t\n\t\n\t<h3 class=\"title\">\n\t\tOferim serveis processals com Procuradors en tots els partits judicials de Catalunya.\t<\/h3>\n\n\t\n\t\t\t<p class=\"subtitle\">\n\t\t\t\t\t<\/p>\n\t\t\n<\/div>[vc_empty_space height=&#8221;190px&#8221; el_class=&#8221;vc_hidden-xs&#8221;][\/vc_column][vc_column width=&#8221;1\/3&#8243;][\/vc_column][\/vc_row][vc_row full_width=&#8221;stretch_row&#8221; gap=&#8221;4&#8243; el_class=&#8221;main-iconboxes padding-reset-left padding-reset-right&#8221;][vc_column width=&#8221;1\/4&#8243; css=&#8221;.vc_custom_1548244511245{background-color: #1b1b1b !important;}&#8221; el_class=&#8221;centericon&#8221; el_id=&#8221;columnahome1&#8243;][vc_raw_html]JTNDYSUyMGhyZWYlM0QlMjJodHRwcyUzQSUyRiUyRmttYWxlb24uY290c3BhbG9tYS5jb20lM0E0MzQzJTJGJTIyJTIwdGFyZ2V0JTNEJTIyX2JsYW5rJTIyJTNFJTNDZGl2JTIwY2xhc3MlM0QlMjJ2Y19lbXB0eV9zcGFjZSUyMiUyMHN0eWxlJTNEJTIyaGVpZ2h0JTNBJTIwMzBweCUyMiUzRSUzQ3NwYW4lMjBjbGFzcyUzRCUyMnZjX2VtcHR5X3NwYWNlX2lubmVyJTIyJTNFJTNDJTJGc3BhbiUzRSUzQyUyRmRpdiUzRSUwQSUzQ2RpdiUyMGNsYXNzJTNEJTIybm9yZWJyby1pY29uLWJveC1zYyUyMGljb24tYm94JTIwYm94LWxlZnQlMjIlMjBpZCUzRCUyMm5vcmVicm8tY3VzdG9tLTVjNWJlM2IxNGQwYjclMjIlM0UlM0NkaXYlMjBjbGFzcyUzRCUyMmljb24td3JhcCUyMiUzRSUzQ2ltZyUyMHNyYyUzRCUyMmh0dHAlM0ElMkYlMkZjb3RzcGFsb21hLmNvbSUyRndwLWNvbnRlbnQlMkZ1cGxvYWRzJTJGMjAxOCUyRjEyJTJGTWVzYS1kZS10cmFiYWpvLTEwOS5wbmclMjIlMjBhbHQlM0QlMjJEZXNwYXR4JTIwMjRoJTIyJTNFJTNDJTJGZGl2JTNFJTNDZGl2JTIwY2xhc3MlM0QlMjJjb250ZW50LXdyYXAlMjIlM0UlM0NkaXYlMjBjbGFzcyUzRCUyMmNvbnRlbnQtY2VudGVyJTIwd2l0aC1mdWxsJTIyJTNFJTA5JTNDZGl2JTIwY2xhc3MlM0QlMjJ3cmFwJTIyJTNFJTNDaDMlMjBzdHlsZSUzRCUyMmNvbG9yJTNBJTIwJTIzZmZmZmZmJTNCZm9udC1zaXplJTNBJTIwMThweCUzQmZvbnQtZmFtaWx5JTNBJTIwJTI3UG9wcGlucyUyNyUzQiUyMiUzRURlc3BhdHglMjAyNGglM0MlMkZoMyUzRSUzQyUyRmRpdiUzRSUzQyUyRmRpdiUzRSUzQyUyRmRpdiUzRSUzQ3AlMjBjbGFzcyUzRCUyMmRlc2NyaXB0aW9uJTIwY29udGVudC1mdWxsJTIyJTNFJTNDJTJGcCUzRSUzQyUyRmRpdiUzRSUzQ2RpdiUyMGNsYXNzJTNEJTIydmNfZW1wdHlfc3BhY2UlMjIlMjBzdHlsZSUzRCUyMmhlaWdodCUzQSUyMDQwcHglMjIlM0UlM0NzcGFuJTIwY2xhc3MlM0QlMjJ2Y19lbXB0eV9zcGFjZV9pbm5lciUyMiUzRSUzQyUyRnNwYW4lM0UlM0MlMkZkaXYlM0UlM0MlMkZhJTNFJTBB[\/vc_raw_html][\/vc_column][vc_column width=&#8221;1\/4&#8243; css=&#8221;.vc_custom_1536166037592{background-color: #1b1b1b !important;}&#8221;][vc_raw_html]JTNDYSUyMGhyZWYlM0QlMjJodHRwJTNBJTJGJTJGY290c3BhbG9tYS5jb20lMkZwYXJ0aWRvcy1qdWRpY2lhbGVzJTJGJTIyJTIwdGFyZ2V0JTNEJTIyX3NlbGYlMjIlM0UlM0NkaXYlMjBjbGFzcyUzRCUyMnZjX2VtcHR5X3NwYWNlJTIyJTIwc3R5bGUlM0QlMjJoZWlnaHQlM0ElMjAzMHB4JTIyJTNFJTNDc3BhbiUyMGNsYXNzJTNEJTIydmNfZW1wdHlfc3BhY2VfaW5uZXIlMjIlM0UlM0MlMkZzcGFuJTNFJTNDJTJGZGl2JTNFJTBBJTNDZGl2JTIwY2xhc3MlM0QlMjJub3JlYnJvLWljb24tYm94LXNjJTIwaWNvbi1ib3glMjBib3gtbGVmdCUyMiUyMGlkJTNEJTIybm9yZWJyby1jdXN0b20tNWM1YmUzYjE0ZDBiNyUyMiUzRSUzQ2RpdiUyMGNsYXNzJTNEJTIyaWNvbi13cmFwJTIyJTNFJTNDaW1nJTIwc3JjJTNEJTIyaHR0cCUzQSUyRiUyRmNvdHNwYWxvbWEuY29tJTJGd3AtY29udGVudCUyRnVwbG9hZHMlMkYyMDE4JTJGMTIlMkZtYXBhLnBuZyUyMiUyMGFsdCUzRCUyMkV4ZXJjaW0lMjBhJTIwdG90YSUyMENhdGFsdW55YSUyMiUzRSUzQyUyRmRpdiUzRSUzQ2RpdiUyMGNsYXNzJTNEJTIyY29udGVudC13cmFwJTIyJTNFJTNDZGl2JTIwY2xhc3MlM0QlMjJjb250ZW50LWNlbnRlciUyMHdpdGgtZnVsbCUyMiUzRSUwOSUzQ2RpdiUyMGNsYXNzJTNEJTIyd3JhcCUyMiUzRSUzQ2gzJTIwc3R5bGUlM0QlMjJjb2xvciUzQSUyMCUyM2ZmZmZmZiUzQmZvbnQtc2l6ZSUzQSUyMDE4cHglM0Jmb250LWZhbWlseSUzQSUyMCUyN1BvcHBpbnMlMjclM0IlMjIlM0VFeGVyY2ltJTIwYSUyMHRvdGElMjBDYXRhbHVueWElM0MlMkZoMyUzRSUzQyUyRmRpdiUzRSUzQyUyRmRpdiUzRSUzQyUyRmRpdiUzRSUzQ3AlMjBjbGFzcyUzRCUyMmRlc2NyaXB0aW9uJTIwY29udGVudC1mdWxsJTIyJTNFJTNDJTJGcCUzRSUzQyUyRmRpdiUzRSUzQ2RpdiUyMGNsYXNzJTNEJTIydmNfZW1wdHlfc3BhY2UlMjIlMjBzdHlsZSUzRCUyMmhlaWdodCUzQSUyMDQwcHglMjIlM0UlM0NzcGFuJTIwY2xhc3MlM0QlMjJ2Y19lbXB0eV9zcGFjZV9pbm5lciUyMiUzRSUzQyUyRnNwYW4lM0UlM0MlMkZkaXYlM0UlM0MlMkZhJTNFJTBB[\/vc_raw_html][\/vc_column][vc_column width=&#8221;1\/4&#8243; css=&#8221;.vc_custom_1536166046308{background-color: #1b1b1b !important;}&#8221;][vc_raw_html]JTNDYSUyMGhyZWYlM0QlMjJodHRwJTNBJTJGJTJGY290c3BhbG9tYS5jb20lMkZkZXNwYWNobyUyRiUyMiUyMHRhcmdldCUzRCUyMl9zZWxmJTIyJTNFJTNDZGl2JTIwY2xhc3MlM0QlMjJ2Y19lbXB0eV9zcGFjZSUyMiUyMHN0eWxlJTNEJTIyaGVpZ2h0JTNBJTIwMzBweCUyMiUzRSUzQ3NwYW4lMjBjbGFzcyUzRCUyMnZjX2VtcHR5X3NwYWNlX2lubmVyJTIyJTNFJTNDJTJGc3BhbiUzRSUzQyUyRmRpdiUzRSUwQSUzQ2RpdiUyMGNsYXNzJTNEJTIybm9yZWJyby1pY29uLWJveC1zYyUyMGljb24tYm94JTIwYm94LWxlZnQlMjIlMjBpZCUzRCUyMm5vcmVicm8tY3VzdG9tLTVjNWJlM2IxNGQwYjclMjIlM0UlM0NkaXYlMjBjbGFzcyUzRCUyMmljb24td3JhcCUyMiUzRSUzQ2ltZyUyMHNyYyUzRCUyMmh0dHAlM0ElMkYlMkZjb3RzcGFsb21hLmNvbSUyRndwLWNvbnRlbnQlMkZ1cGxvYWRzJTJGMjAxOCUyRjEyJTJGZXF1aXAucG5nJTIyJTIwYWx0JTNEJTIyRXF1aXAlMjIlM0UlM0MlMkZkaXYlM0UlM0NkaXYlMjBjbGFzcyUzRCUyMmNvbnRlbnQtd3JhcCUyMiUzRSUzQ2RpdiUyMGNsYXNzJTNEJTIyY29udGVudC1jZW50ZXIlMjB3aXRoLWZ1bGwlMjIlM0UlMDklM0NkaXYlMjBjbGFzcyUzRCUyMndyYXAlMjIlM0UlM0NoMyUyMHN0eWxlJTNEJTIyY29sb3IlM0ElMjAlMjNmZmZmZmYlM0Jmb250LXNpemUlM0ElMjAxOHB4JTNCZm9udC1mYW1pbHklM0ElMjAlMjdQb3BwaW5zJTI3JTNCJTIyJTNFRXF1aXAlM0MlMkZoMyUzRSUzQyUyRmRpdiUzRSUzQyUyRmRpdiUzRSUzQyUyRmRpdiUzRSUzQ3AlMjBjbGFzcyUzRCUyMmRlc2NyaXB0aW9uJTIwY29udGVudC1mdWxsJTIyJTNFJTNDJTJGcCUzRSUzQyUyRmRpdiUzRSUzQ2RpdiUyMGNsYXNzJTNEJTIydmNfZW1wdHlfc3BhY2UlMjIlMjBzdHlsZSUzRCUyMmhlaWdodCUzQSUyMDQwcHglMjIlM0UlM0NzcGFuJTIwY2xhc3MlM0QlMjJ2Y19lbXB0eV9zcGFjZV9pbm5lciUyMiUzRSUzQyUyRnNwYW4lM0UlM0MlMkZkaXYlM0UlM0MlMkZhJTNFJTBB[\/vc_raw_html][\/vc_column][vc_column width=&#8221;1\/4&#8243; css=&#8221;.vc_custom_1544004944146{background-color: #1b1b1b !important;}&#8221;][vc_raw_html]JTNDYSUyMGhyZWYlM0QlMjJodHRwJTNBJTJGJTJGY290c3BhbG9tYS5jb20lMkZjb250YWN0byUyRiUyMiUyMHRhcmdldCUzRCUyMl9TZWxmJTIyJTNFJTNDZGl2JTIwY2xhc3MlM0QlMjJ2Y19lbXB0eV9zcGFjZSUyMiUyMHN0eWxlJTNEJTIyaGVpZ2h0JTNBJTIwMzBweCUyMiUzRSUzQ3NwYW4lMjBjbGFzcyUzRCUyMnZjX2VtcHR5X3NwYWNlX2lubmVyJTIyJTNFJTNDJTJGc3BhbiUzRSUzQyUyRmRpdiUzRSUwQSUzQ2RpdiUyMGNsYXNzJTNEJTIybm9yZWJyby1pY29uLWJveC1zYyUyMGljb24tYm94JTIwYm94LWxlZnQlMjIlMjBpZCUzRCUyMm5vcmVicm8tY3VzdG9tLTVjNWJlM2IxNGQwYjclMjIlM0UlM0NkaXYlMjBjbGFzcyUzRCUyMmljb24td3JhcCUyMiUzRSUzQ2ltZyUyMHNyYyUzRCUyMmh0dHAlM0ElMkYlMkZjb3RzcGFsb21hLmNvbSUyRndwLWNvbnRlbnQlMkZ1cGxvYWRzJTJGMjAxOCUyRjEyJTJGc29icmUucG5nJTIyJTIwYWx0JTNEJTIyQ29udGFjdGUlMjIlM0UlM0MlMkZkaXYlM0UlM0NkaXYlMjBjbGFzcyUzRCUyMmNvbnRlbnQtd3JhcCUyMiUzRSUzQ2RpdiUyMGNsYXNzJTNEJTIyY29udGVudC1jZW50ZXIlMjB3aXRoLWZ1bGwlMjIlM0UlMDklM0NkaXYlMjBjbGFzcyUzRCUyMndyYXAlMjIlM0UlM0NoMyUyMHN0eWxlJTNEJTIyY29sb3IlM0ElMjAlMjNmZmZmZmYlM0Jmb250LXNpemUlM0ElMjAxOHB4JTNCZm9udC1mYW1pbHklM0ElMjAlMjdQb3BwaW5zJTI3JTNCJTIyJTNFQ29udGFjdGUlM0MlMkZoMyUzRSUzQyUyRmRpdiUzRSUzQyUyRmRpdiUzRSUzQyUyRmRpdiUzRSUzQ3AlMjBjbGFzcyUzRCUyMmRlc2NyaXB0aW9uJTIwY29udGVudC1mdWxsJTIyJTNFJTNDJTJGcCUzRSUzQyUyRmRpdiUzRSUzQ2RpdiUyMGNsYXNzJTNEJTIydmNfZW1wdHlfc3BhY2UlMjIlMjBzdHlsZSUzRCUyMmhlaWdodCUzQSUyMDQwcHglMjIlM0UlM0NzcGFuJTIwY2xhc3MlM0QlMjJ2Y19lbXB0eV9zcGFjZV9pbm5lciUyMiUzRSUzQyUyRnNwYW4lM0UlM0MlMkZkaXYlM0UlM0MlMkZhJTNFJTBB[\/vc_raw_html][\/vc_column][\/vc_row][vc_row equal_height=&#8221;yes&#8221; el_class=&#8221;home-split-slider&#8221;][vc_column offset=&#8221;vc_hidden-sm vc_hidden-xs&#8221;]<div class=\"norebro-split-screen-sc norebro-splitscreen\"\n\tid=\"norebro-custom-69e02e4350121\" \n\tdata-norebro-splitscreen=\"true\" \n\tdata-options='{\"nav\":true,\"navContainerClass\":\"slider-nav\",\"dots\":true,\"dotsClass\":\"slider-vertical-numbers\",\"navClass\":[\"up\",\"down\"],\"mousewheel\":true}' \n\t data-arg-splitscreen-nav=\"true\">\n\n\t<div class=\"ms-left\">\n\n\t<div class=\"ms-section\" id=\"norebro-custom-69e02e435067f\">\n\n\t<div class=\"norebro-heading-sc heading text-left\"\n\tid=\"norebro-custom-69e02e435098a\" \n\t \n\t>\n\t\n\t\n\t\n\t<h3 class=\"title\">\n\t\tExperi\u00e8ncia\t<\/h3>\n\n\t\n\t\t\t<p class=\"subtitle\">\n\t\t\t\t\t<\/p>\n\t\t\n<\/div>\n<\/div>\n<div class=\"ms-section\" id=\"norebro-custom-69e02e4350c40\">\n\n\t<div class=\"norebro-heading-sc heading text-left\"\n\tid=\"norebro-custom-69e02e4350ec0\" \n\t \n\t>\n\t\n\t\n\t\n\t<h3 class=\"title\">\n\t\tConfian\u00e7a\t<\/h3>\n\n\t\n\t\t\t<p class=\"subtitle\">\n\t\t\t\t\t<\/p>\n\t\t\n<\/div>\n<\/div>\n<div class=\"ms-section\" id=\"norebro-custom-69e02e4351162\">\n\n\t<div class=\"norebro-heading-sc heading text-left\"\n\tid=\"norebro-custom-69e02e43513e9\" \n\t \n\t>\n\t\n\t\n\t\n\t<h3 class=\"title\">\n\t\tEfici\u00e8ncia\t<\/h3>\n\n\t\n\t\t\t<p class=\"subtitle\">\n\t\t\t\t\t<\/p>\n\t\t\n<\/div>\n<\/div>\n<div class=\"ms-section\" id=\"norebro-custom-69e02e4351675\">\n\n\t<div class=\"norebro-heading-sc heading text-left\"\n\tid=\"norebro-custom-69e02e43518eb\" \n\t \n\t>\n\t\n\t\n\t\n\t<h3 class=\"title\">\n\t\tProfessionalitat\t<\/h3>\n\n\t\n\t\t\t<p class=\"subtitle\">\n\t\t\t\t\t<\/p>\n\t\t\n<\/div>\n<\/div>\n\n<\/div><div class=\"ms-right\">\n\n\t<div class=\"ms-section\" id=\"norebro-custom-69e02e4351d45\">\n\n\t<div class=\"norebro-heading-sc heading text-center\"\n\tid=\"norebro-custom-69e02e4351fdc\" \n\t \n\t>\n\t\n\t\n\t\n\t<h3 class=\"title\">\n\t\tPortar m\u00e9s de 45 anys al sector i continuar innovant apostant per la tecnologia, l\u2019agilitzaci\u00f3 i la gesti\u00f3 d\u2019expedients.\t<\/h3>\n\n\t\n\t\t\t<p class=\"subtitle\">\n\t\t\t\t\t<\/p>\n\t\t\n<\/div>\n<\/div>\n<div class=\"ms-section\" id=\"norebro-custom-69e02e43522a7\">\n\n\t<div class=\"norebro-heading-sc heading text-center\"\n\tid=\"norebro-custom-69e02e435253d\" \n\t \n\t>\n\t\n\t\n\t\n\t<h3 class=\"title\">\n\t\tTenir al teu servei un equip de 10 procuradors especialitzats en les diferents jurisdiccions.\t<\/h3>\n\n\t\n\t\t\t<p class=\"subtitle\">\n\t\t\t\t\t<\/p>\n\t\t\n<\/div>\n<\/div>\n<div class=\"ms-section\" id=\"norebro-custom-69e02e43527d5\">\n\n\t<div class=\"norebro-heading-sc heading text-center\"\n\tid=\"norebro-custom-69e02e4352a65\" \n\t \n\t>\n\t\n\t\n\t\n\t<h3 class=\"title\">\n\t\tAgilitzar els tr\u00e0mits processals i ser proactiu en la gesti\u00f3 dels expedients.\t<\/h3>\n\n\t\n\t\t\t<p class=\"subtitle\">\n\t\t\t\t\t<\/p>\n\t\t\n<\/div>\n<\/div>\n<div class=\"ms-section\" id=\"norebro-custom-69e02e4352cf6\">\n\n\t<div class=\"norebro-heading-sc heading text-center\"\n\tid=\"norebro-custom-69e02e4352f6f\" \n\t \n\t>\n\t\n\t\n\t\n\t<h3 class=\"title\">\n\t\tEsfor\u00e7ar-se cada dia al m\u00e0xim i donar el millor servei als nostres clients.\t<\/h3>\n\n\t\n\t\t\t<p class=\"subtitle\">\n\t\t\t\t\t<\/p>\n\t\t\n<\/div>\n<\/div>\n\n<\/div>\n<\/div>[\/vc_column][\/vc_row][vc_row full_width=&#8221;stretch_row_content_no_spaces&#8221; disable_element=&#8221;yes&#8221; css=&#8221;.vc_custom_1536315281940{margin-top: 10% !important;margin-bottom: 10% !important;}&#8221;][vc_column width=&#8221;1\/2&#8243; offset=&#8221;vc_hidden-lg vc_hidden-md&#8221;]<div class=\"norebro-heading-sc heading text-center\"\n\tid=\"norebro-custom-69e02e435323e\" \n\t \n\t>\n\t\n\t\n\t\n\t<h3 class=\"title\">\n\t\tConfianza\t<\/h3>\n\n\t\n\t\t\t<p class=\"subtitle\">\n\t\t\t\t\t<\/p>\n\t\t\n<\/div>[\/vc_column][vc_column width=&#8221;1\/2&#8243; css=&#8221;.vc_custom_1536314902449{background-color: #0b474e !important;}&#8221; offset=&#8221;vc_hidden-lg vc_hidden-md&#8221;][vc_empty_space height=&#8221;80px&#8221;]<div class=\"norebro-heading-sc heading text-center\"\n\tid=\"norebro-custom-69e02e43534f1\" \n\t \n\t>\n\t\n\t\n\t\n\t<h3 class=\"title\">\n\t\tSentirse seguro delante de qualquier tramitaci\u00f3n judicial\t<\/h3>\n\n\t\n\t\t\t<p class=\"subtitle\">\n\t\t\t\t\t<\/p>\n\t\t\n<\/div>[vc_empty_space height=&#8221;80px&#8221;][\/vc_column][\/vc_row][vc_row full_width=&#8221;stretch_row&#8221; css=&#8221;.vc_custom_1536069381085{padding-top: 15% !important;padding-bottom: 15% !important;background-color: #a5cac1 !important;}&#8221;][vc_column]<div class=\"norebro-heading-sc heading text-center\"\n\tid=\"norebro-custom-69e02e4353786\" \n\t \n\t>\n\t\n\t\n\t\n\t<h1 class=\"title\">\n\t\tSom Cots Paloma\t<\/h1>\n\n\t\n\t\t\t<p class=\"subtitle\">\n\t\t\tSom un despatx jur\u00eddic que ofereix serveis de representaci\u00f3 processal en tots els partits judicials de la prov\u00edncia de Barcelona. I molt m\u00e9s.\t\t<\/p>\n\t\t\n<\/div>[vc_empty_space height=&#8221;30px&#8221;]<div class=\"norebro-text-sc \" \n\tid=\"norebro-custom-69e02e4353a5d\" \n\t \n\t>\n\n\t<p style=\"text-align: center;\">Treballem amb una cultura empresarial pr\u00f2pia que ens permet oferir la millor relaci\u00f3 qualitat-preu. Gr\u00e0cies al nostre equip, oferim un servei presencial a tota la prov\u00edncia de Barcelona. I amb la nostra estructura en xarxa amb uns altres 4 despatxos a Girona, Lleia i Tarragona, oferim els nostres serveis a tot Catalunya. Serveis on la qualitat \u00e9s la m\u00e0xima prioritat i determina la nostra l\u00ednia d\u2019actuaci\u00f3.<\/p>\n\t\n<\/div>[\/vc_column][\/vc_row]\n","protected":false},"excerpt":{"rendered":"<p>[vc_row full_width=&#8221;stretch_row&#8221; full_height=&#8221;yes&#8221; content_placement=&#8221;middle&#8221; css=&#8221;.vc_custom_1549537354978{background-image: url(http:\/\/cotspaloma.com\/wp-content\/uploads\/2019\/02\/bg_header_home3.jpg?id=5672744) !important;background-position: center !important;background-repeat: no-repeat !important;background-size: cover !important;}&#8221; el_class=&#8221;full-vh-reset&#8230;<\/p>\n","protected":false},"author":1,"featured_media":0,"parent":0,"menu_order":0,"comment_status":"closed","ping_status":"closed","template":"","meta":{"_monsterinsights_skip_tracking":false,"_monsterinsights_sitenote_active":false,"_monsterinsights_sitenote_note":"","_monsterinsights_sitenote_category":0},"yoast_head":"<!-- This site is optimized with the Yoast SEO plugin v16.2 - https:\/\/yoast.com\/wordpress\/plugins\/seo\/ -->\n<title>Cots Paloma - Procuradors de Catalunya<\/title>\n<meta name=\"description\" content=\"Som un despatx jur\u00eddic que ofereix serveis de representaci\u00f3 processal en tots els partits judicials de Catalunya. 93 723 63 60\" \/>\n<meta name=\"robots\" content=\"index, follow, max-snippet:-1, max-image-preview:large, max-video-preview:-1\" \/>\n<link rel=\"canonical\" href=\"https:\/\/cotspaloma.com\/ca\/\" \/>\n<meta property=\"og:locale\" content=\"ca_ES\" \/>\n<meta property=\"og:type\" content=\"article\" \/>\n<meta property=\"og:title\" content=\"Cots Paloma - Procuradors de Catalunya\" \/>\n<meta property=\"og:description\" content=\"Som un despatx jur\u00eddic que ofereix serveis de representaci\u00f3 processal en tots els partits judicials de Catalunya. 93 723 63 60\" \/>\n<meta property=\"og:url\" content=\"https:\/\/cotspaloma.com\/ca\/\" \/>\n<meta property=\"og:site_name\" content=\"Cots Paloma\" \/>\n<meta property=\"article:modified_time\" content=\"2023-01-26T13:13:42+00:00\" \/>\n<meta name=\"twitter:card\" content=\"summary_large_image\" \/>\n<meta name=\"twitter:label1\" content=\"Est. reading time\">\n\t<meta name=\"twitter:data1\" content=\"2 minutes\">\n<script type=\"application\/ld+json\" class=\"yoast-schema-graph\">{\"@context\":\"https:\/\/schema.org\",\"@graph\":[{\"@type\":\"Organization\",\"@id\":\"https:\/\/cotspaloma.com\/#organization\",\"name\":\"Cots Paloma\",\"url\":\"https:\/\/cotspaloma.com\/\",\"sameAs\":[\"https:\/\/www.linkedin.com\/in\/cots-paloma-procura-26227717a\/\"],\"logo\":{\"@type\":\"ImageObject\",\"@id\":\"https:\/\/cotspaloma.com\/#logo\",\"inLanguage\":\"ca\",\"url\":\"http:\/\/cotspaloma.com\/wp-content\/uploads\/2018\/11\/logo_desktop_retina.jpg\",\"contentUrl\":\"http:\/\/cotspaloma.com\/wp-content\/uploads\/2018\/11\/logo_desktop_retina.jpg\",\"width\":500,\"height\":124,\"caption\":\"Cots Paloma\"},\"image\":{\"@id\":\"https:\/\/cotspaloma.com\/#logo\"}},{\"@type\":\"WebSite\",\"@id\":\"https:\/\/cotspaloma.com\/#website\",\"url\":\"https:\/\/cotspaloma.com\/\",\"name\":\"Cots Paloma\",\"description\":\"Procuradores de los Tribunales - Ejercemos en la prov\\u00edncia de Barcelona\",\"publisher\":{\"@id\":\"https:\/\/cotspaloma.com\/#organization\"},\"potentialAction\":[{\"@type\":\"SearchAction\",\"target\":\"https:\/\/cotspaloma.com\/?s={search_term_string}\",\"query-input\":\"required name=search_term_string\"}],\"inLanguage\":\"ca\"},{\"@type\":\"WebPage\",\"@id\":\"https:\/\/cotspaloma.com\/ca\/#webpage\",\"url\":\"https:\/\/cotspaloma.com\/ca\/\",\"name\":\"Cots Paloma - Procuradors de Catalunya\",\"isPartOf\":{\"@id\":\"https:\/\/cotspaloma.com\/#website\"},\"datePublished\":\"2017-08-02T08:32:25+00:00\",\"dateModified\":\"2023-01-26T13:13:42+00:00\",\"description\":\"Som un despatx jur\\u00eddic que ofereix serveis de representaci\\u00f3 processal en tots els partits judicials de Catalunya. 93 723 63 60\",\"breadcrumb\":{\"@id\":\"https:\/\/cotspaloma.com\/ca\/#breadcrumb\"},\"inLanguage\":\"ca\",\"potentialAction\":[{\"@type\":\"ReadAction\",\"target\":[\"https:\/\/cotspaloma.com\/ca\/\"]}]},{\"@type\":\"BreadcrumbList\",\"@id\":\"https:\/\/cotspaloma.com\/ca\/#breadcrumb\",\"itemListElement\":[{\"@type\":\"ListItem\",\"position\":1,\"item\":{\"@type\":\"WebPage\",\"@id\":\"https:\/\/cotspaloma.com\/ca\/\",\"url\":\"https:\/\/cotspaloma.com\/ca\/\",\"name\":\"Portada\"}},{\"@type\":\"ListItem\",\"position\":2,\"item\":{\"@id\":\"https:\/\/cotspaloma.com\/ca\/#webpage\"}}]}]}<\/script>\n<!-- \/ Yoast SEO plugin. -->","_links":{"self":[{"href":"https:\/\/cotspaloma.com\/ca\/wp-json\/wp\/v2\/pages\/5672875"}],"collection":[{"href":"https:\/\/cotspaloma.com\/ca\/wp-json\/wp\/v2\/pages"}],"about":[{"href":"https:\/\/cotspaloma.com\/ca\/wp-json\/wp\/v2\/types\/page"}],"author":[{"embeddable":true,"href":"https:\/\/cotspaloma.com\/ca\/wp-json\/wp\/v2\/users\/1"}],"replies":[{"embeddable":true,"href":"https:\/\/cotspaloma.com\/ca\/wp-json\/wp\/v2\/comments?post=5672875"}],"version-history":[{"count":9,"href":"https:\/\/cotspaloma.com\/ca\/wp-json\/wp\/v2\/pages\/5672875\/revisions"}],"predecessor-version":[{"id":5673297,"href":"https:\/\/cotspaloma.com\/ca\/wp-json\/wp\/v2\/pages\/5672875\/revisions\/5673297"}],"wp:attachment":[{"href":"https:\/\/cotspaloma.com\/ca\/wp-json\/wp\/v2\/media?parent=5672875"}],"curies":[{"name":"wp","href":"https:\/\/api.w.org\/{rel}","templated":true}]}}